{"id":1295,"date":"2024-04-15T12:20:28","date_gmt":"2024-04-15T12:20:28","guid":{"rendered":"https:\/\/pokloni-pozitivu.hr\/?post_type=product&#038;p=1295"},"modified":"2025-02-17T19:20:05","modified_gmt":"2025-02-17T19:20:05","slug":"pozitivne-pjesmice-za-malisane","status":"publish","type":"product","link":"https:\/\/pokloni-pozitivu.hr\/hr\/proizvod\/pozitivne-pjesmice-za-malisane\/","title":{"rendered":"POZITIVNE PJESMICE ZA MALI\u0160ANE"},"content":{"rendered":"<div style=\"width: 320px;\" class=\"wp-video\"><video class=\"wp-video-shortcode\" id=\"video-1295-1\" width=\"320\" height=\"320\" preload=\"metadata\" controls=\"controls\"><source type=\"video\/mp4\" src=\"https:\/\/pokloni-pozitivu.hr\/wp-content\/uploads\/2024\/04\/WhatsApp-Video-2024-03-12-at-13.57.50_06925dd7.mp4?_=1\" \/><a href=\"https:\/\/pokloni-pozitivu.hr\/wp-content\/uploads\/2024\/04\/WhatsApp-Video-2024-03-12-at-13.57.50_06925dd7.mp4\">https:\/\/pokloni-pozitivu.hr\/wp-content\/uploads\/2024\/04\/WhatsApp-Video-2024-03-12-at-13.57.50_06925dd7.mp4<\/a><\/video><\/div>","protected":false},"excerpt":{"rendered":"<p>Besplatna dostava unutar Hrvatske | Tvrdi uvez | Dimenzije: 25 x 25 cm<\/p>\n<p>Slikovnica koja poti\u010de razvoj govora i pozitivnog razmi\u0161ljanja!<\/p>\n<p>Ova jedinstvena dje\u010dja slikovnica donosi vedre i poticajne stihove koji poma\u017eu najmla\u0111ima u u\u010denju i istra\u017eivanju svijeta. Kroz ritmi\u010dne i zabavne rime, djeca razvijaju govor, ma\u0161tu i ljubav prema knjigama!<\/p>\n<p>\u0160arene ilustracije i topli stihovi \u010dine ovu slikovnicu idealnim poklonom za pred\u0161kolce.<\/p>\n<p>Posebne cijene za veletrgovce \u2013 ne propustite priliku!<\/p>","protected":false},"featured_media":1297,"template":"","meta":[],"product_cat":[47],"product_tag":[],"class_list":["post-1295","product","type-product","status-publish","has-post-thumbnail","hentry","product_cat-books"],"_links":{"self":[{"href":"https:\/\/pokloni-pozitivu.hr\/hr\/wp-json\/wp\/v2\/product\/1295","targetHints":{"allow":["GET"]}}],"collection":[{"href":"https:\/\/pokloni-pozitivu.hr\/hr\/wp-json\/wp\/v2\/product"}],"about":[{"href":"https:\/\/pokloni-pozitivu.hr\/hr\/wp-json\/wp\/v2\/types\/product"}],"wp:featuredmedia":[{"embeddable":true,"href":"https:\/\/pokloni-pozitivu.hr\/hr\/wp-json\/wp\/v2\/media\/1297"}],"wp:attachment":[{"href":"https:\/\/pokloni-pozitivu.hr\/hr\/wp-json\/wp\/v2\/media?parent=1295"}],"wp:term":[{"taxonomy":"product_cat","embeddable":true,"href":"https:\/\/pokloni-pozitivu.hr\/hr\/wp-json\/wp\/v2\/product_cat?post=1295"},{"taxonomy":"product_tag","embeddable":true,"href":"https:\/\/pokloni-pozitivu.hr\/hr\/wp-json\/wp\/v2\/product_tag?post=1295"}],"curies":[{"name":"wp","href":"https:\/\/api.w.org\/{rel}","templated":true}]}}