{"id":1236,"date":"2024-04-15T11:32:16","date_gmt":"2024-04-15T11:32:16","guid":{"rendered":"https:\/\/pokloni-pozitivu.hr\/?post_type=product&#038;p=1236"},"modified":"2024-04-30T12:00:27","modified_gmt":"2024-04-30T12:00:27","slug":"join-the-sattva-eu-online-yoga-classes","status":"publish","type":"product","link":"https:\/\/pokloni-pozitivu.hr\/hr\/proizvod\/join-the-sattva-eu-online-yoga-classes\/","title":{"rendered":"Join The Sattva Eu Online\u00a0Yoga\u00a0Classes &#8211; \u20ac20.00 per month"},"content":{"rendered":"<p>I invite everyone to online yoga classes. it is our daily discipline, our practice. Classes are held on Instagram on a closed account every day. We practice live at 7:00h in the morning but you can join our classes in the recording, that remain all the time<br \/>\nYou can join whenever you want.<br \/>\nWe do 30 or 40 minutes (perform 1 kriya 40 days). We work with a specific block in the chakra. The price is\u00a020\u20ac\u00a0per\u00a0month.<\/p>\n<p>Prikupili smo najmo\u0107nije prakse kako biste iz prve ruke mogli iskusiti kako te tehnike rade za vas.<br \/>\nTeorija prakse Kundalini Kriye uklju\u010duje niz vje\u017ebi i meditacija.<br \/>\nONLINE YOGA SVAKI DAN: KUNDALINI YOGA. NEOGRANI\u010cEN PRISTUP!<\/p>\n<p>Joga i meditacija nude olak\u0161anje od stresa i negativnih emocija iz pro\u0161losti. Temeljni princip mog rada je osvijestiti pojedinca u sada\u0161njem trenutku, uroniti ga u stanje opu\u0161tenosti i otkriti njegovu pravu unutarnju prirodu, punu mira, ti\u0161ine i sveobuhvatne ljubavi.<\/p>\n<p>Subscribe now and unlock access to numerous practices for your health and beauty. Do you want to be healthy, beautiful, shiny and youthful? However, this is impossible if the body is stressed, tense, sick, and the mind is full of suffering, fears and insults. It immediately leaves a mark on the face, takes away the attractiveness. Unfortunately, beauticians cannot help here. Perform Kriya Kundalini yoga complexes to awaken your inner strength, get rid of swelling, fatigue, spasms and improve lymph circulation.<br \/>\nYoga and meditation offer relief from the stress and negative emotions of the past.<br \/>\nJoin us as we participate in daily physical exercises and meditation sessions online. The Kundalini Yoga complex brings balance and joy.<\/p>","protected":false},"excerpt":{"rendered":"<p>Online yoga. Elevate your day with our daily practice! Like peeling away one leaf from a tree, it might not be noticeable, but commit to our online daily exercises for 30 days, and witness a significant transformation. Join us on this journey to a better\u00a0you\u00a0every\u00a0day!<\/p>\n<p>\u041f\u043e\u0437\u0438\u0442\u0438\u0432\u043d\u044b\u0435 \u043f\u0435\u0441\u043d\u0438 \u0438 \u0441\u0442\u0438\u0445\u0438 \u0434\u043b\u044f \u043c\u0430\u043b\u044b\u0448\u0435\u0439<br \/>\n\u0430\u0432\u0442\u043e\u0440\u0430 \u041c\u0430\u0440\u0438\u0438 \u0410\u0439\u0434\u0443\u043a\u043e\u0432\u0438\u0447 \u043e\u0444\u043e\u0440\u043c\u043b\u0435\u043d\u044b<br \/>\n\u043a\u0440\u0430\u0441\u043e\u0447\u043d\u044b\u043c\u0438 \u0438\u043b\u043b\u044e\u0441\u0442\u0440\u0430\u0446\u0438\u044f\u043c\u0438.<br \/>\n\u041d\u0435\u0437\u0430\u0431\u044b\u0432\u0430\u0435\u043c\u044b\u0435, \u0441\u043a\u0430\u0437\u043e\u0447\u043d\u044b\u0435 \u043e\u0431\u0440\u0430\u0437\u044b, \u044f\u0440\u043a\u0438\u0435<br \/>\n\u0438 \u043d\u0430\u0441\u044b\u0449\u0435\u043d\u043d\u044b\u0435, \u0438\u043c\u0435\u043d\u043d\u043e \u0442\u0430\u043a\u0438\u0435 \u043f\u043e\u0440\u0430\u0434\u0443\u044e\u0442<br \/>\n\u0432\u0430\u0441 \u0438\u00a0\u0432\u0430\u0448\u0435\u0433\u043e\u00a0\u043c\u0430\u043b\u044b\u0448\u0430.<\/p>","protected":false},"featured_media":1291,"template":"","meta":[],"product_cat":[48],"product_tag":[],"class_list":["post-1236","product","type-product","status-publish","has-post-thumbnail","hentry","product_cat-online-yoga"],"_links":{"self":[{"href":"https:\/\/pokloni-pozitivu.hr\/hr\/wp-json\/wp\/v2\/product\/1236","targetHints":{"allow":["GET"]}}],"collection":[{"href":"https:\/\/pokloni-pozitivu.hr\/hr\/wp-json\/wp\/v2\/product"}],"about":[{"href":"https:\/\/pokloni-pozitivu.hr\/hr\/wp-json\/wp\/v2\/types\/product"}],"wp:featuredmedia":[{"embeddable":true,"href":"https:\/\/pokloni-pozitivu.hr\/hr\/wp-json\/wp\/v2\/media\/1291"}],"wp:attachment":[{"href":"https:\/\/pokloni-pozitivu.hr\/hr\/wp-json\/wp\/v2\/media?parent=1236"}],"wp:term":[{"taxonomy":"product_cat","embeddable":true,"href":"https:\/\/pokloni-pozitivu.hr\/hr\/wp-json\/wp\/v2\/product_cat?post=1236"},{"taxonomy":"product_tag","embeddable":true,"href":"https:\/\/pokloni-pozitivu.hr\/hr\/wp-json\/wp\/v2\/product_tag?post=1236"}],"curies":[{"name":"wp","href":"https:\/\/api.w.org\/{rel}","templated":true}]}}