{"id":3,"date":"2023-11-13T17:31:25","date_gmt":"2023-11-13T17:31:25","guid":{"rendered":"https:\/\/pokloni-pozitivu.hr\/?page_id=3"},"modified":"2024-04-30T13:01:35","modified_gmt":"2024-04-30T13:01:35","slug":"privacy-policy","status":"publish","type":"page","link":"https:\/\/pokloni-pozitivu.hr\/hr\/privacy-policy\/","title":{"rendered":"Politika privatnosti"},"content":{"rendered":"<p>U Pokloni Pozitivu po\u0161tujemo Va\u0161u privatnost i predani smo za\u0161titi Va\u0161ih osobnih podataka u skladu s GDPR.<\/p>\n\n\n\n<p>Osobne podatke prikupljamo kada komunicirate s na\u0161om web stranicom ili nas kontaktirate. To uklju\u010duje podatke koje date, kao \u0161to su va\u0161e ime i adresa e-po\u0161te, kao i informacije prikupljene automatski, kao \u0161to je va\u0161a IP adresa.<\/p>\n\n\n\n<p>Va\u0161e osobne podatke koristimo za pru\u017eanje i pobolj\u0161anje na\u0161ih usluga, ispunjavanje narud\u017ebi, komunikaciju s vama i pridr\u017eavanje zakonskih obveza.<\/p>\n\n\n\n<p>Va\u0161e podatke mo\u017eemo dijeliti s pru\u017eateljima usluga tre\u0107ih strana, u skladu sa zakonom ili u vezi s prijenosom poslovanja.<\/p>\n\n\n\n<p>Va\u0161i osobni podaci mogu se prenijeti u zemlje izvan va\u0161e vlastite radi obrade, ali mi \u0107emo osigurati da postoje odgovaraju\u0107e za\u0161titne mjere.<\/p>\n\n\n\n<p>Va\u0161e osobne podatke zadr\u017eavamo onoliko dugo koliko je potrebno za ispunjenje svrhe za koju su prikupljeni.<\/p>\n\n\n\n<p>Imate prava u vezi sa svojim osobnim podacima, uklju\u010duju\u0107i pravo na pristup, ispravak ili brisanje istih. Kontaktirajte nas ako imate pitanja ili nedoumica.<\/p>\n\n\n\n<p>Mo\u017eemo a\u017eurirati na\u0161a Pravila o privatnosti i obavijestit \u0107emo vas o svim materijalnim promjenama.<\/p>","protected":false},"excerpt":{"rendered":"<p>At Pokloni Pozitivu, we respect your privacy and are committed to protecting your personal information in accordance with the GDPR&#8230;.<\/p>","protected":false},"author":1,"featured_media":0,"parent":0,"menu_order":0,"comment_status":"closed","ping_status":"closed","template":"","meta":{"footnotes":""},"class_list":["post-3","page","type-page","status-publish","hentry"],"post-meta":{"_wp_page_template":["default"],"_edit_last":["1"],"_edit_lock":["1714482546:1"],"site-container":["default"],"site-header-transparent":["default"],"site-page-header":["default"],"site-sidebar":["default"]},"_links":{"self":[{"href":"https:\/\/pokloni-pozitivu.hr\/hr\/wp-json\/wp\/v2\/pages\/3","targetHints":{"allow":["GET"]}}],"collection":[{"href":"https:\/\/pokloni-pozitivu.hr\/hr\/wp-json\/wp\/v2\/pages"}],"about":[{"href":"https:\/\/pokloni-pozitivu.hr\/hr\/wp-json\/wp\/v2\/types\/page"}],"author":[{"embeddable":true,"href":"https:\/\/pokloni-pozitivu.hr\/hr\/wp-json\/wp\/v2\/users\/1"}],"replies":[{"embeddable":true,"href":"https:\/\/pokloni-pozitivu.hr\/hr\/wp-json\/wp\/v2\/comments?post=3"}],"version-history":[{"count":2,"href":"https:\/\/pokloni-pozitivu.hr\/hr\/wp-json\/wp\/v2\/pages\/3\/revisions"}],"predecessor-version":[{"id":1392,"href":"https:\/\/pokloni-pozitivu.hr\/hr\/wp-json\/wp\/v2\/pages\/3\/revisions\/1392"}],"wp:attachment":[{"href":"https:\/\/pokloni-pozitivu.hr\/hr\/wp-json\/wp\/v2\/media?parent=3"}],"curies":[{"name":"wp","href":"https:\/\/api.w.org\/{rel}","templated":true}]}}